{"id":67,"date":"2026-03-02T17:49:47","date_gmt":"2026-03-02T16:49:47","guid":{"rendered":"https:\/\/leprouvette.com\/?page_id=67"},"modified":"2026-03-02T17:51:40","modified_gmt":"2026-03-02T16:51:40","slug":"epicerie","status":"publish","type":"page","link":"https:\/\/leprouvette.com\/index.php\/epicerie\/","title":{"rendered":"\u00c9PICERIE"},"content":{"rendered":"\n<p>Une \u00e9picerie participative \u00e0 z\u00e9ro marge a vu le jour en septembre 2022 \u00e0 l&rsquo;\u00c9prouvette ! Depuis septembre 2025, elle est uniquement g\u00e9r\u00e9e par une \u00e9quipe de b\u00e9n\u00e9voles motiv\u00e9e et aguerrie \u00e0 la faire fonctionner. Plus d&rsquo;informations \u00e0 jour \u00e0 venir, mais si vous \u00eates int\u00e9ress\u00e9s envoyez nous un mail, un message fb\/insta ou passer directement au comptoir en discuter ! <\/p>\n\n\n\n<p>\ud835\udddc\ud835\uddfb\ud835\uddf3\ud835\uddfc\ud835\ude00 \ud835\uddf1\ud835\uddf2 \ud835\uddf9&rsquo;<strong>\u00e9<\/strong>\ud835\uddfd\ud835\uddf6\ud835\uddf0\ud835\uddf2\ud835\uddff\ud835\uddf6\ud835\uddf2 : Vous retrouverez des infos de l&rsquo;\u00e9picerie sur le <a href=\"https:\/\/monepi.fr\/home?nomurlsite=leprouvette\">site mon \u00e9pi<\/a> et <a href=\"https:\/\/www.facebook.com\/groups\/481337624568152\/\" data-type=\"link\" data-id=\"https:\/\/www.facebook.com\/groups\/481337624568152\/\">cette page facebook<\/a>.<br>La newsletter de l&rsquo;\u00e9picerie est envoy\u00e9e par mail aux adh\u00e9rent-es tous les mois. <\/p>\n\n\n\n<p>Elle permet d&rsquo;acc\u00e9der \u00e0 des produits locaux et de qualit\u00e9 \u00e0 des prix r\u00e9duits (prix de gros sans marge ajout\u00e9e) gr\u00e2ce \u00e0 :<\/p>\n\n\n\n<ul class=\"wp-block-list\">\n<li>un syst\u00e8me d&rsquo;adh\u00e9sion pour couvrir les frais fixes (environ 50\u20ac\/an\/foyer pour payer l&rsquo;\u00e9lectricit\u00e9, l&rsquo;eau, l&rsquo;assurance, les comptes bancaires, et une petite participation au loyer) <\/li>\n\n\n\n<li>une participation de 2h par mois\/foyer pour faire fonctionner l&rsquo;\u00e9picerie (r\u00e9ception des commandes, distribution, inventaire, am\u00e9nagement et rangement, <\/li>\n\n\n\n<li>les \u00c9pis sont des \u00e9piceries participatives cr\u00e9\u00e9es et g\u00e9r\u00e9es par leurs adh\u00e9rents, et dont le fonctionnement est facilit\u00e9e par une plateforme informatique qui sert \u00e0 la fois de boutique en ligne et d\u2019outil de gestion pour les membres des \u00e9piceries.<\/li>\n<\/ul>\n\n\n\n<p>Des produits locaux et de qualit\u00e9 \u00e0 des prix r\u00e9duits (des prix de gros et sans marge ajout\u00e9e) \u00e0 la r\u00e9duction de son impact sur l\u2019environnement, les \u00c9pis combinent les avantages des circuits alternatifs et y ajoutent leurs sp\u00e9cificit\u00e9s.<\/p>\n","protected":false},"excerpt":{"rendered":"<p>Une \u00e9picerie participative \u00e0 z\u00e9ro marge a vu le jour en septembre 2022 \u00e0 l&rsquo;\u00c9prouvette ! Depuis septembre 2025, elle est uniquement g\u00e9r\u00e9e par une \u00e9quipe de b\u00e9n\u00e9voles motiv\u00e9e et aguerrie \u00e0 la faire fonctionner. Plus d&rsquo;informations \u00e0 jour \u00e0 venir, mais si vous \u00eates int\u00e9ress\u00e9s envoyez nous un mail, un message fb\/insta ou passer directement au comptoir en discuter\u2026<\/p>\n","protected":false},"author":1,"featured_media":0,"parent":0,"menu_order":0,"comment_status":"closed","ping_status":"closed","template":"","meta":{"_acf_changed":false,"_eb_attr":"","footnotes":""},"class_list":["post-67","page","type-page","status-publish","hentry"],"acf":[],"jetpack_sharing_enabled":true,"_links":{"self":[{"href":"https:\/\/leprouvette.com\/index.php\/wp-json\/wp\/v2\/pages\/67","targetHints":{"allow":["GET"]}}],"collection":[{"href":"https:\/\/leprouvette.com\/index.php\/wp-json\/wp\/v2\/pages"}],"about":[{"href":"https:\/\/leprouvette.com\/index.php\/wp-json\/wp\/v2\/types\/page"}],"author":[{"embeddable":true,"href":"https:\/\/leprouvette.com\/index.php\/wp-json\/wp\/v2\/users\/1"}],"replies":[{"embeddable":true,"href":"https:\/\/leprouvette.com\/index.php\/wp-json\/wp\/v2\/comments?post=67"}],"version-history":[{"count":2,"href":"https:\/\/leprouvette.com\/index.php\/wp-json\/wp\/v2\/pages\/67\/revisions"}],"predecessor-version":[{"id":3735,"href":"https:\/\/leprouvette.com\/index.php\/wp-json\/wp\/v2\/pages\/67\/revisions\/3735"}],"wp:attachment":[{"href":"https:\/\/leprouvette.com\/index.php\/wp-json\/wp\/v2\/media?parent=67"}],"curies":[{"name":"wp","href":"https:\/\/api.w.org\/{rel}","templated":true}]}}