{"id":25,"date":"2022-05-17T10:12:59","date_gmt":"2022-05-17T08:12:59","guid":{"rendered":"https:\/\/leprouvette.com\/?page_id=25"},"modified":"2026-04-06T13:57:32","modified_gmt":"2026-04-06T11:57:32","slug":"activites","status":"publish","type":"page","link":"https:\/\/leprouvette.com\/index.php\/activites\/","title":{"rendered":"ACTIVIT\u00c9S"},"content":{"rendered":"\n<h2 class=\"wp-block-heading\"><strong>Bar<\/strong><\/h2>\n\n\n\n<p>Parce qu&rsquo;un comptoir est un lieu de rencontre et d&rsquo;\u00e9change, et parce que celui de l&rsquo;Eprouvette aurait plein d&rsquo;histoires \u00e0 raconter qui datent pour certaines de moments o\u00f9 nous n&rsquo;\u00e9tions pas n\u00e9es, il s&rsquo;agissait avant tout de maintenir cet espace de vie sociale. <\/p>\n\n\n\n<p>Nous avons \u00e0 coeur de promouvoir les productions locales, vous trouverez donc sur la carte<\/p>\n\n\n\n<ul class=\"wp-block-list\">\n<li>des bi\u00e8res Qu\u00e9vertoise, Carabo (St Judoce), Tiens bon la Barre (Plouasne)<\/li>\n\n\n\n<li>du jus de pomme des Fruits des bois (Le Quiou) <\/li>\n\n\n\n<li>d&rsquo;autres jus des Vergers de l&rsquo;Ille (Guipel)<\/li>\n\n\n\n<li>des sirops de l&rsquo;Envie des champs (Evran)<\/li>\n\n\n\n<li>du cidre Coat Albret (Monfort sur Meu)<\/li>\n<\/ul>\n\n\n\n<h2 class=\"wp-block-heading\"><strong>Animations<\/strong><\/h2>\n\n\n\n<p>C&rsquo;est pas parce qu&rsquo;on est en zone rurale qu&rsquo;on n&rsquo;a pas le droit \u00e0 une offre culturelle de qualit\u00e9 ! Concerts, spectacles, expositions, mais aussi ateliers parents-enfants, yoga du rire ou circle song, il y a pour tous les go\u00fbts dans la programmation concoct\u00e9e par Thomas et Adeline, Yoan, Sam, Laura, Ana\u00efs, Marion. <\/p>\n\n\n\n<h2 class=\"wp-block-heading\"><strong>Epicerie<\/strong><\/h2>\n\n\n\n<p>Pour permettre \u00e0 tous de s&rsquo;alimenter en produits locaux et de qualit\u00e9 \u00e0 prix attractifs, l\u2019association l\u2019Acc\u00e9l\u00e9ratrice de Particules (ADP) a lanc\u00e9 un projet d\u2019\u00e9picerie participative au sein du caf\u00e9 l\u2019\u00c9prouvette, \u00e0 St Andr\u00e9 des Eaux.&nbsp;<\/p>\n\n\n\n<p>La gestion de l\u2019\u00e9picerie est assur\u00e9e par les usagers de l\u2019\u00e9picerie (engagement de 2 heures par mois et par foyer) et les charges fixes (\u00e9lectricit\u00e9, eau, assurance, local, banque) sont financ\u00e9es par une cotisation de l\u2019ordre de 50\u20ac par an.&nbsp;<\/p>\n\n\n\n<p>L\u2019ouverture a eu lieu fin septembre 2022 ; en mars 2025, on d\u00e9nombre 80 familles adh\u00e9rentes.<br>Pour adh\u00e9rer, rendez-vous sur le lien suivant : <a href=\"https:\/\/www.epicerie.leprouvette.com\/\">https:\/\/www.epicerie.leprouvette.com\/<\/a><\/p>\n\n\n\n<p>L&rsquo;\u00e9picerie travaille avec plus de 25 producteurs locaux et 3-4 grossistes pour compl\u00e9ter ce qui n&rsquo;est pas produit sur notre territoire. <\/p>\n\n\n\n<p>En cas de questions, \u00e9crivez \u00e0 la commission \u00e9picerie \u00e0 l&rsquo;adresse suivante : epicerie@leprouvette.com<\/p>\n\n\n<div class=\"wp-block-image\">\n<figure class=\"aligncenter size-full is-resized\"><img loading=\"lazy\" decoding=\"async\" width=\"472\" height=\"400\" src=\"https:\/\/leprouvette.com\/wp-content\/uploads\/2026\/04\/Capture-decran-2026-04-06-a-13.57.07.png\" alt=\"\" class=\"wp-image-3860\" style=\"aspect-ratio:1.180007031524669;width:217px;height:auto\" srcset=\"https:\/\/leprouvette.com\/wp-content\/uploads\/2026\/04\/Capture-decran-2026-04-06-a-13.57.07.png 472w, https:\/\/leprouvette.com\/wp-content\/uploads\/2026\/04\/Capture-decran-2026-04-06-a-13.57.07-300x254.png 300w, https:\/\/leprouvette.com\/wp-content\/uploads\/2026\/04\/Capture-decran-2026-04-06-a-13.57.07-137x116.png 137w\" sizes=\"auto, (max-width: 472px) 100vw, 472px\" \/><\/figure>\n<\/div>\n\n\n<h2 class=\"wp-block-heading\"><strong>Restauration<\/strong><\/h2>\n\n\n\n<p>Mettre en valeur les produits locaux, c&rsquo;est aussi les cuisiner ! <\/p>\n\n\n\n<p>Le restaurant est ouvert tous les midis du lundi au vendredi, et de la petite restauration est pr\u00e9vue tous les soirs d&rsquo;\u00e9v\u00e9nement. Nous essayons le plus souvent de faire un snacking th\u00e9matique, venez le d\u00e9couvrir !<\/p>\n","protected":false},"excerpt":{"rendered":"<p>Bar Parce qu&rsquo;un comptoir est un lieu de rencontre et d&rsquo;\u00e9change, et parce que celui de l&rsquo;Eprouvette aurait plein d&rsquo;histoires \u00e0 raconter qui datent pour certaines de moments o\u00f9 nous n&rsquo;\u00e9tions pas n\u00e9es, il s&rsquo;agissait avant tout de maintenir cet espace de vie sociale. Nous avons \u00e0 coeur de promouvoir les productions locales, vous trouverez donc sur la carte Animations\u2026<\/p>\n","protected":false},"author":1,"featured_media":0,"parent":0,"menu_order":0,"comment_status":"closed","ping_status":"closed","template":"","meta":{"_acf_changed":false,"_eb_attr":"","footnotes":""},"class_list":["post-25","page","type-page","status-publish","hentry"],"acf":[],"jetpack_sharing_enabled":true,"_links":{"self":[{"href":"https:\/\/leprouvette.com\/index.php\/wp-json\/wp\/v2\/pages\/25","targetHints":{"allow":["GET"]}}],"collection":[{"href":"https:\/\/leprouvette.com\/index.php\/wp-json\/wp\/v2\/pages"}],"about":[{"href":"https:\/\/leprouvette.com\/index.php\/wp-json\/wp\/v2\/types\/page"}],"author":[{"embeddable":true,"href":"https:\/\/leprouvette.com\/index.php\/wp-json\/wp\/v2\/users\/1"}],"replies":[{"embeddable":true,"href":"https:\/\/leprouvette.com\/index.php\/wp-json\/wp\/v2\/comments?post=25"}],"version-history":[{"count":12,"href":"https:\/\/leprouvette.com\/index.php\/wp-json\/wp\/v2\/pages\/25\/revisions"}],"predecessor-version":[{"id":3861,"href":"https:\/\/leprouvette.com\/index.php\/wp-json\/wp\/v2\/pages\/25\/revisions\/3861"}],"wp:attachment":[{"href":"https:\/\/leprouvette.com\/index.php\/wp-json\/wp\/v2\/media?parent=25"}],"curies":[{"name":"wp","href":"https:\/\/api.w.org\/{rel}","templated":true}]}}