{"id":14,"date":"2022-05-17T10:08:32","date_gmt":"2022-05-17T08:08:32","guid":{"rendered":"http:\/\/leprouvette.com\/?page_id=14"},"modified":"2022-07-18T12:49:51","modified_gmt":"2022-07-18T10:49:51","slug":"accueil","status":"publish","type":"page","link":"https:\/\/leprouvette.com\/index.php\/accueil\/","title":{"rendered":""},"content":{"rendered":"\n<figure class=\"wp-block-image size-large\"><img loading=\"lazy\" decoding=\"async\" width=\"1024\" height=\"724\" src=\"https:\/\/leprouvette.com\/wp-content\/uploads\/2022\/06\/A4-juillet--1024x724.jpg\" alt=\"\" class=\"wp-image-59\" srcset=\"https:\/\/leprouvette.com\/wp-content\/uploads\/2022\/06\/A4-juillet--1024x724.jpg 1024w, https:\/\/leprouvette.com\/wp-content\/uploads\/2022\/06\/A4-juillet--300x212.jpg 300w, https:\/\/leprouvette.com\/wp-content\/uploads\/2022\/06\/A4-juillet--768x543.jpg 768w, https:\/\/leprouvette.com\/wp-content\/uploads\/2022\/06\/A4-juillet--1536x1087.jpg 1536w, https:\/\/leprouvette.com\/wp-content\/uploads\/2022\/06\/A4-juillet--1568x1109.jpg 1568w, https:\/\/leprouvette.com\/wp-content\/uploads\/2022\/06\/A4-juillet-.jpg 1753w\" sizes=\"auto, (max-width: 1024px) 100vw, 1024px\" \/><\/figure>\n\n\n\n<figure class=\"wp-block-image size-large\"><img loading=\"lazy\" decoding=\"async\" width=\"1024\" height=\"724\" src=\"https:\/\/leprouvette.com\/wp-content\/uploads\/2022\/06\/A4-aou\u0302t--1024x724.jpg\" alt=\"\" class=\"wp-image-60\" srcset=\"https:\/\/leprouvette.com\/wp-content\/uploads\/2022\/06\/A4-aou\u0302t--1024x724.jpg 1024w, https:\/\/leprouvette.com\/wp-content\/uploads\/2022\/06\/A4-aou\u0302t--300x212.jpg 300w, https:\/\/leprouvette.com\/wp-content\/uploads\/2022\/06\/A4-aou\u0302t--768x543.jpg 768w, https:\/\/leprouvette.com\/wp-content\/uploads\/2022\/06\/A4-aou\u0302t--1536x1087.jpg 1536w, https:\/\/leprouvette.com\/wp-content\/uploads\/2022\/06\/A4-aou\u0302t--1568x1109.jpg 1568w, https:\/\/leprouvette.com\/wp-content\/uploads\/2022\/06\/A4-aou\u0302t-.jpg 1753w\" sizes=\"auto, (max-width: 1024px) 100vw, 1024px\" \/><\/figure>\n\n\n\n<p><strong>Bient\u00f4t une \u00e9picerie associative \u00e0 z\u00e9ro marge \u00e0 St Andr\u00e9 des Eaux&nbsp;<\/strong><\/p>\n\n\n\n<p>Pour permettre \u00e0 tous de s&rsquo;alimenter en produits locaux et de qualit\u00e9 \u00e0 prix attractifs, l\u2019association l\u2019Acc\u00e9l\u00e9ratrice de Particules (ADP) lance un projet d\u2019\u00e9picerie participative \u00e0 z\u00e9ro marge au sein du caf\u00e9 l\u2019\u00c9prouvette, \u00e0 St Andr\u00e9 des Eaux.&nbsp;<\/p>\n\n\n\n<p>Pour r\u00e9ussir \u00e0 vendre les produits sans aucune marge commerciale, la gestion de l\u2019\u00e9picerie est assur\u00e9e par les usagers de l\u2019\u00e9picerie (engagement de 2 heures par mois et par foyer), les produits frais sont en pr\u00e9-commande et les charges fixes (\u00e9lectricit\u00e9, eau, assurance, local, banque) sont financ\u00e9es par une cotisation de l\u2019ordre de 50\u20ac par an.&nbsp;<\/p>\n\n\n\n<p>Le r\u00e9seau Mon\u00e9pi assure qu\u2019\u00e0 produit \u00e9quivalent les \u00e9conomies r\u00e9alis\u00e9es sont de 20 \u00e0 30% en comparaison de la grande distribution. Environ 50 \u00e9piceries existent d\u00e9j\u00e0 en France sur ce mod\u00e8le mais aucun sur le territoire.&nbsp;<\/p>\n\n\n\n<p>L\u2019ouverture est pr\u00e9vue fin septembre, une fois qu\u2019un groupe d\u2019au moins une trentaine de familles aura \u00e9t\u00e9 constitu\u00e9.&nbsp;<\/p>\n\n\n\n<p>Les personnes int\u00e9ress\u00e9es sont invit\u00e9es \u00e0 participer \u00e0 l\u2019une des 2 r\u00e9unions d\u2019information pr\u00e9vues \u00e0 l\u2019\u00c9prouvette le dimanche 4 septembre \u00e0 17h ou le mercredi 7 septembre \u00e0 18h et \u00e0 s\u2019inscrire ci-dessous :<\/p>\n\n\n\n<div data-tf-widget=\"QOsYwd2q\" data-tf-iframe-props=\"title=Cr\u00e9ation d'une \u00e9picerie participative \u00e0 z\u00e9ro marge \u00e0 St Andr\u00e9 des Eaux\" data-tf-medium=\"snippet\" style=\"width:100%;height:400px;\"><\/div><script src=\"\/\/embed.typeform.com\/next\/embed.js\"><\/script>\n","protected":false},"excerpt":{"rendered":"<p>Bient\u00f4t une \u00e9picerie associative \u00e0 z\u00e9ro marge \u00e0 St Andr\u00e9 des Eaux&nbsp; Pour permettre \u00e0 tous de s&rsquo;alimenter en produits locaux et de qualit\u00e9 \u00e0 prix attractifs, l\u2019association l\u2019Acc\u00e9l\u00e9ratrice de Particules (ADP) lance un projet d\u2019\u00e9picerie participative \u00e0 z\u00e9ro marge au sein du caf\u00e9 l\u2019\u00c9prouvette, \u00e0 St Andr\u00e9 des Eaux.&nbsp; Pour r\u00e9ussir \u00e0 vendre les produits sans aucune marge commerciale,\u2026<\/p>\n","protected":false},"author":1,"featured_media":0,"parent":0,"menu_order":0,"comment_status":"closed","ping_status":"closed","template":"","meta":{"_acf_changed":false,"_eb_attr":"","footnotes":""},"class_list":["post-14","page","type-page","status-publish","hentry"],"acf":[],"jetpack_sharing_enabled":true,"_links":{"self":[{"href":"https:\/\/leprouvette.com\/index.php\/wp-json\/wp\/v2\/pages\/14","targetHints":{"allow":["GET"]}}],"collection":[{"href":"https:\/\/leprouvette.com\/index.php\/wp-json\/wp\/v2\/pages"}],"about":[{"href":"https:\/\/leprouvette.com\/index.php\/wp-json\/wp\/v2\/types\/page"}],"author":[{"embeddable":true,"href":"https:\/\/leprouvette.com\/index.php\/wp-json\/wp\/v2\/users\/1"}],"replies":[{"embeddable":true,"href":"https:\/\/leprouvette.com\/index.php\/wp-json\/wp\/v2\/comments?post=14"}],"version-history":[{"count":5,"href":"https:\/\/leprouvette.com\/index.php\/wp-json\/wp\/v2\/pages\/14\/revisions"}],"predecessor-version":[{"id":70,"href":"https:\/\/leprouvette.com\/index.php\/wp-json\/wp\/v2\/pages\/14\/revisions\/70"}],"wp:attachment":[{"href":"https:\/\/leprouvette.com\/index.php\/wp-json\/wp\/v2\/media?parent=14"}],"curies":[{"name":"wp","href":"https:\/\/api.w.org\/{rel}","templated":true}]}}